{"id":127,"date":"2023-07-04T14:53:09","date_gmt":"2023-07-04T11:53:09","guid":{"rendered":"https:\/\/pomsad.org.tr\/en\/\/?page_id=127"},"modified":"2024-02-09T12:03:26","modified_gmt":"2024-02-09T09:03:26","slug":"ithalat-ihracat-verileri","status":"publish","type":"page","link":"https:\/\/pomsad.org.tr\/en\/ithalat-ihracat-verileri\/","title":{"rendered":"\u0130thalat \u0130hracat Verileri"},"content":{"rendered":"<div>\n<p>T\u00fcrkiye makina ihracat sekt\u00f6r\u00fcn\u00fcn genel parametrelerini ele almakta olan<\/p>\n<p>tablo ve \u00e7izelgelerden \u00f6zetle vurgulayabileceklerimiz :<\/p>\n<p><u>202<\/u><u>2 ve 2023 y\u0131llar\u0131 Ocak-Aral\u0131k oniki ayl\u0131k d\u00f6nem itibariyle;<\/u><\/p>\n<p><strong><u>84 tarifeli toplam makina ihracat\u0131:<\/u><\/strong><\/p>\n<p><strong>3.685.000<\/strong> ton&#8217;dan <strong>3.394.000<\/strong> ton&#8217;a, <strong>%<\/strong><strong>7,9<\/strong> azalm\u0131\u015f,<\/p>\n<p><strong>22.999,0<\/strong> milyar USD&#8217;dan <strong>24.507,0<\/strong> milyar USD&#8217;a <strong>%<\/strong><strong>6,6<\/strong> artm\u0131\u015f,<\/p>\n<p>ortalama birim fiyat <strong>6,2<\/strong> USD\/kg\u2019dan <strong>7,2<\/strong> USD\/kg\u2019a \u00e7\u0131km\u0131\u015ft\u0131r. \u00a0<u>\u00a0<\/u><\/p>\n<p><strong><u>Pompa ve Kompres\u00f6r ihracat\u0131:<\/u><\/strong><\/p>\n<p><strong>144.000 <\/strong>ton\u2019dan <strong>140.000 <\/strong>ton\u2019a<strong> %<\/strong><strong>3,1 <\/strong>azalm\u0131\u015f,<\/p>\n<p><strong>1.342,0<\/strong> milyar USD&#8217;dan <strong>1.528,0<\/strong> milyar USD&#8217;a <strong>%<\/strong><strong>13,9<\/strong> artm\u0131\u015f,<\/p>\n<p>ortalama birim fiyat <strong>9,3<\/strong> USD\/kg\u2019dan <strong>10,9<\/strong> USD\/kg\u2019a \u00e7\u0131km\u0131\u015ft\u0131r.<\/p>\n<p><u>Sadece Pompa ihracat\u0131<\/u> <strong>Ocak-Aral\u0131k 2023<\/strong> d\u00f6neminde <strong>1.117.095.075<\/strong> milyon USD olarak ger\u00e7ekle\u015fmi\u015ftir.<strong>\u00a0<\/strong><\/p>\n<p><strong>2023 y\u0131l\u0131nda Pompalarda ihracat art\u0131\u015f\u0131 %15,64\u2019d\u00fcr.<\/strong><\/p>\n<p><strong>2022 y\u0131l\u0131 ihracat\u0131 965.931.324<\/strong> <strong>milyon USD\u2019dir.<\/strong><\/p>\n<p><strong><u>Vana ve Armat\u00fcr ihracat\u0131:<\/u><\/strong><\/p>\n<p><strong>73.000<\/strong> ton\u2019dan <strong>67.000 <\/strong>ton\u2019a <strong>%8,4<\/strong> azalm\u0131\u015f,<\/p>\n<p><strong>761,0<\/strong> milyon USD&#8217;dan <strong>843,0<\/strong> milyon USD&#8217;a<strong> %<\/strong><strong>10,7 artm\u0131\u015f, *Serbest B\u00f6lgelerden Yap\u0131lan \u0130hracat Hari\u00e7<\/strong><\/p>\n<p>ortalama birim fiyat <strong>10.4 <\/strong>USD\/kg\u2019dan <strong>12.6 <\/strong>USD\/kg\u2019a \u00e7\u0131km\u0131\u015ft\u0131r.<\/p>\n<p><strong>2023 y\u0131l\u0131nda Vana ve Armat\u00fcrlerde ihracat art\u0131\u015f\u0131 %16,12\u2019dir.<\/strong><strong> 2023 y\u0131l\u0131 Serbest B\u00f6lgelerden Yap\u0131lan \u0130hracat Dahil Toplam \u0130hracat: 982.164.290 milyon USD\u2019dir. <\/strong><\/p>\n<p><strong>2022 y\u0131l\u0131 ihracat\u0131 845.796.034<\/strong> <strong>milyon <\/strong><strong>USD\u2019dir.<\/strong><\/p>\n<p><strong><u>\u0130thalat de\u011ferlerine bak\u0131ld\u0131\u011f\u0131nda Oca<\/u><\/strong><strong><u>k-Aral\u0131k 2023 d\u00f6neminde:<\/u><\/strong><\/p>\n<p>Pompa ithalat\u0131, <strong>1.522.780.860 milyar<\/strong> USD olarak,<\/p>\n<p><strong>2022 y\u0131l\u0131 ithalat\u0131 1.241.934.422 milyar USD\u2019dir.<\/strong><\/p>\n<p><strong>2023 y\u0131l\u0131 ithalat art\u0131\u015f\u0131 %22,61\u2019dir.<\/strong><\/p>\n<p>Vana ve Armat\u00fcr ithalat\u0131, <strong>1.874.351.825 <\/strong>USD olarak ger\u00e7ekle\u015fmi\u015ftir.<\/p>\n<p><strong>2022 y\u0131l\u0131 ithalat\u0131 1.545.619.682 milyar USD\u2019dir.<\/strong><\/p>\n<p><strong>202<\/strong><strong>3 y\u0131l\u0131 ithalat art\u0131\u015f\u0131 %21,26\u2019d\u0131r.<\/strong><\/p>\n<p><strong><u>Ocak<\/u><\/strong><strong><u>-Aral\u0131k 2023 d\u00f6nemi Pompa ve Vana-Armat\u00fcr Ticaret Hacmi;<\/u><\/strong><\/p>\n<p><strong>5.496.392.050<\/strong> milyar USD olarak ger\u00e7ekle\u015fmi\u015f, (<strong>2.639.875.935<\/strong> USD Pompa, <strong>2.856.516.115<\/strong> USD Vana ve Armat\u00fcr)<\/p>\n<p>2022 y\u0131l\u0131 Ticaret Hacmi <strong>4.<\/strong><strong>599.281.462 milyar USD<\/strong> olarak ger\u00e7ekle\u015fmi\u015ftir. (<strong>2.<\/strong><strong>207.865.746 milyon USD pompa<\/strong>, <strong>2.<\/strong><strong>391.415.716 milyon USD vana-armat\u00fcr<\/strong>)<\/p>\n<p>2022 y\u0131l\u0131na k\u0131yasla <strong>art\u0131\u015f %1<\/strong><strong>9.50<\/strong>\u2019dir.<\/p>\n<p><strong><u>Ocak<\/u><\/strong><strong><u>-Aral\u0131k 2023 d\u00f6nemi Ticaret Dengesi ise;<\/u><\/strong><\/p>\n<p><strong>&#8211;<\/strong><strong>1.297.873.320 <\/strong>milyar USD olarak ger\u00e7ekle\u015fmi\u015ftir. (<strong>&#8211;<\/strong><strong>405.685.785 <\/strong>USD Pompa<strong>,<\/strong> <strong>&#8211;<\/strong><strong>892.187.535<\/strong> USD Vana ve Armat\u00fcr)<\/p>\n<p>2022 y\u0131l\u0131 Ticaret Dengesi <strong>&#8211;<\/strong><strong>975.826.746 milyon USD<\/strong> olarak ger\u00e7ekle\u015fmi\u015ftir. <strong>(-<\/strong><strong>276.003.098 milyon USD pompa<\/strong>, <strong>&#8211;<\/strong><strong>699.823.648 milyon USD vana-armat\u00fcr<\/strong>)<\/p>\n<p>2022 y\u0131l\u0131na k\u0131yasla ticaret a\u00e7\u0131\u011f\u0131nda <strong>%<\/strong><strong>33,00 art\u0131\u015f<\/strong> ger\u00e7ekle\u015fmi\u015ftir.<\/p>\n<p><strong><u>Ocak<\/u><\/strong><strong><u>-Aral\u0131k 2023 d\u00f6nemi \u0130hracat\u0131n \u0130thalat\u0131 Kar\u015f\u0131lama Oran\u0131;<\/u><\/strong><strong><u>\u00a0<\/u><\/strong><\/p>\n<p>Pompalarda <strong>%7<\/strong><strong>3,35<\/strong>; 2022 y\u0131l\u0131nda bu oran %77,77, 2021 y\u0131l\u0131 i\u00e7in %73,86\u2019d\u0131r.<\/p>\n<p>Vana ve Armat\u00fcrlerde <strong>%5<\/strong><strong>2,40<\/strong> olarak ger\u00e7ekle\u015fmi\u015ftir. 2022 y\u0131l\u0131nda bu oran %54,72, 2021 y\u0131l\u0131 i\u00e7in %60,19\u2019dur.<\/p>\n<p><strong><u>Vakum Pompalar\u0131 \u0130hracat ve \u0130thalat Rakamlar\u0131;<\/u><\/strong><\/p>\n<p>2023 y\u0131l\u0131 vakum pompas\u0131 ihracat\u0131 <strong>41.388.938<\/strong> <strong>milyon USD<\/strong> olarak ger\u00e7ekle\u015fmi\u015ftir.<\/p>\n<p>2022 y\u0131l\u0131na k\u0131yasla <strong>%24,<\/strong><strong>17 art\u0131\u015f<\/strong> ger\u00e7ekle\u015fmi\u015ftir. (2022 y\u0131l\u0131 ihracat\u0131: 33.331.294 milyon USD)<\/p>\n<p>2023 y\u0131l\u0131 vakum pompas\u0131 ithalat\u0131 <strong>54.905.040<\/strong> <strong>mily<\/strong><strong>on USD<\/strong> olarak ger\u00e7ekle\u015fmi\u015ftir.<\/p>\n<p>2022 y\u0131l\u0131na k\u0131yasla <strong>%<\/strong><strong>15,82 art\u0131\u015f <\/strong>ger\u00e7ekle\u015fmi\u015ftir. (2021 y\u0131l\u0131 ithalat\u0131: 47.402.816 milyon USD)<\/p>\n<p><strong><u>Vakum Pompalar\u0131 Ticaret Hacmi Rakamlar\u0131;<\/u><\/strong><\/p>\n<p>2023 y\u0131l\u0131 Ticaret Hacmi <strong>96.293.878 milyon USD<\/strong> olarak ger\u00e7ekle\u015fmi\u015ftir.<\/p>\n<p>2022 y\u0131l\u0131na k\u0131yasla <strong>art\u0131\u015f %<\/strong><strong>19.27<\/strong>\u2019dir. (2022 y\u0131l\u0131 ticaret hacmi: 80.734.110 milyon USD)<\/p>\n<p><strong><u>Vakum Pompalar\u0131 Ticaret Dengesi Rakamlar\u0131;<\/u><\/strong><u>\u00a0<\/u><\/p>\n<p>2023 y\u0131l\u0131 Ticaret Dengesi <strong>-1<\/strong><strong>3.516.102 milyon USD<\/strong> olarak ger\u00e7ekle\u015fmi\u015ftir.<\/p>\n<p>2022 y\u0131l\u0131na k\u0131yasla ticaret a\u00e7\u0131\u011f\u0131nda <strong>azal\u0131\u015f<\/strong> <strong>%<\/strong><strong>3,94<\/strong>\u2019d\u00fcr. (2022 y\u0131l\u0131 ticaret dengesi: -14.071.522 milyon USD)<\/p>\n<p><strong><u>Vakum Pompalar\u0131 Ocak<\/u><\/strong><strong><u>-Aral\u0131k 2023 d\u00f6nemi \u0130hracat\u0131n \u0130thalat\u0131 Kar\u015f\u0131lama Oran\u0131;<\/u><\/strong><strong><u>\u00a0<\/u><\/strong><\/p>\n<p><strong>%7<\/strong><strong>5,38\u2019dir<\/strong>; 2022 y\u0131l\u0131nda bu oran %70,31\u2019dir.<\/p>\n<\/div>\n<div>Makine \u0130hracat\u00e7\u0131lar\u0131 Birli\u011fi 2023 Ocak-Aral\u0131k D\u00f6nemi Detayl\u0131 \u0130hracat Sunumu \u0130\u00e7in L\u00fctfen A\u015fa\u011f\u0131daki Linke T\u0131klay\u0131n\u0131z:<\/div>\n<p><a href=\"https:\/\/pomsad.org.tr\/en\/wp-content\/uploads\/2024\/02\/Aralik-Sunumu-MSSP.pdf\">Aral\u0131k Sunumu -MSSP<\/a><\/p>\n<p><a href=\"https:\/\/pomsad.org.tr\/en\/wp-content\/uploads\/2024\/02\/8413-Ocak-Aralik.xlsx\">8413 Ocak-Aral\u0131k<\/a><\/p>\n<p><a href=\"https:\/\/pomsad.org.tr\/en\/wp-content\/uploads\/2024\/02\/8413-Ocak-Aralik-Ulke.xlsx\">8413 Ocak-Aral\u0131k \u00dclke<\/a><\/p>\n<p><a href=\"https:\/\/pomsad.org.tr\/en\/wp-content\/uploads\/2024\/02\/8481-Ocak-Aralik.xlsx\">8481 Ocak-Aral\u0131k<\/a><\/p>\n<p><a href=\"https:\/\/pomsad.org.tr\/en\/wp-content\/uploads\/2024\/02\/8481-Ocak-Aralik-Ulke.xlsx\">8481 Ocak-Aral\u0131k \u00dclke<\/a><\/p>\n<p><a href=\"https:\/\/pomsad.org.tr\/en\/wp-content\/uploads\/2024\/02\/841410-Ocak-Aralik-Ulke.xlsx\">841410 Ocak-Aral\u0131k \u00dclke<\/a><\/p>\n<p><a href=\"https:\/\/pomsad.org.tr\/en\/wp-content\/uploads\/2024\/02\/850152-Ocak-Aralik-Ulke.xlsx\">850152 Ocak-Aral\u0131k \u00dclke<\/a><\/p>\n","protected":false},"excerpt":{"rendered":"<p>T\u00fcrkiye makina ihracat sekt\u00f6r\u00fcn\u00fcn genel parametrelerini ele almakta olan tablo ve \u00e7izelgelerden \u00f6zetle vurgulayabileceklerimiz : 2022 ve 2023 y\u0131llar\u0131 Ocak-Aral\u0131k oniki ayl\u0131k d\u00f6nem itibariyle; 84 tarifeli toplam makina ihracat\u0131: 3.685.000 ton&#8217;dan 3.394.000 ton&#8217;a, %7,9 azalm\u0131\u015f, 22.999,0 milyar USD&#8217;dan 24.507,0 milyar USD&#8217;a %6,6 artm\u0131\u015f, ortalama birim fiyat 6,2 USD\/kg\u2019dan 7,2 USD\/kg\u2019a \u00e7\u0131km\u0131\u015ft\u0131r. \u00a0\u00a0 Pompa ve Kompres\u00f6r [&hellip;]<\/p>\n","protected":false},"author":1,"featured_media":0,"parent":0,"menu_order":0,"comment_status":"closed","ping_status":"closed","template":"","meta":{"_acf_changed":false,"footnotes":"","_links_to":"","_links_to_target":""},"class_list":["post-127","page","type-page","status-publish","hentry"],"acf":[],"yoast_head":"<!-- This site is optimized with the Yoast SEO plugin v22.2 - https:\/\/yoast.com\/wordpress\/plugins\/seo\/ -->\n<title>\u0130thalat \u0130hracat Verileri - Pomsad<\/title>\n<meta name=\"robots\" content=\"index, follow, max-snippet:-1, max-image-preview:large, max-video-preview:-1\" \/>\n<link rel=\"canonical\" href=\"https:\/\/pomsad.org.tr\/en\/\/ithalat-ihracat-verileri\/\" \/>\n<meta property=\"og:locale\" content=\"en_US\" \/>\n<meta property=\"og:type\" content=\"article\" \/>\n<meta property=\"og:title\" content=\"\u0130thalat \u0130hracat Verileri - Pomsad\" \/>\n<meta property=\"og:description\" content=\"T\u00fcrkiye makina ihracat sekt\u00f6r\u00fcn\u00fcn genel parametrelerini ele almakta olan tablo ve \u00e7izelgelerden \u00f6zetle vurgulayabileceklerimiz : 2022 ve 2023 y\u0131llar\u0131 Ocak-Aral\u0131k oniki ayl\u0131k d\u00f6nem itibariyle; 84 tarifeli toplam makina ihracat\u0131: 3.685.000 ton&#8217;dan 3.394.000 ton&#8217;a, %7,9 azalm\u0131\u015f, 22.999,0 milyar USD&#8217;dan 24.507,0 milyar USD&#8217;a %6,6 artm\u0131\u015f, ortalama birim fiyat 6,2 USD\/kg\u2019dan 7,2 USD\/kg\u2019a \u00e7\u0131km\u0131\u015ft\u0131r. \u00a0\u00a0 Pompa ve Kompres\u00f6r [&hellip;]\" \/>\n<meta property=\"og:url\" content=\"https:\/\/pomsad.org.tr\/en\/\/ithalat-ihracat-verileri\/\" \/>\n<meta property=\"og:site_name\" content=\"Pomsad\" \/>\n<meta property=\"article:modified_time\" content=\"2024-02-09T09:03:26+00:00\" \/>\n<meta name=\"twitter:card\" content=\"summary_large_image\" \/>\n<meta name=\"twitter:label1\" content=\"Est. reading time\" \/>\n\t<meta name=\"twitter:data1\" content=\"4 minutes\" \/>\n<script type=\"application\/ld+json\" class=\"yoast-schema-graph\">{\"@context\":\"https:\/\/schema.org\",\"@graph\":[{\"@type\":\"WebPage\",\"@id\":\"https:\/\/pomsad.org.tr\/en\/\/ithalat-ihracat-verileri\/\",\"url\":\"https:\/\/pomsad.org.tr\/en\/\/ithalat-ihracat-verileri\/\",\"name\":\"\u0130thalat \u0130hracat Verileri - Pomsad\",\"isPartOf\":{\"@id\":\"https:\/\/pomsad.org.tr\/en\/#website\"},\"datePublished\":\"2023-07-04T11:53:09+00:00\",\"dateModified\":\"2024-02-09T09:03:26+00:00\",\"breadcrumb\":{\"@id\":\"https:\/\/pomsad.org.tr\/en\/\/ithalat-ihracat-verileri\/#breadcrumb\"},\"inLanguage\":\"en-US\",\"potentialAction\":[{\"@type\":\"ReadAction\",\"target\":[\"https:\/\/pomsad.org.tr\/en\/\/ithalat-ihracat-verileri\/\"]}]},{\"@type\":\"BreadcrumbList\",\"@id\":\"https:\/\/pomsad.org.tr\/en\/\/ithalat-ihracat-verileri\/#breadcrumb\",\"itemListElement\":[{\"@type\":\"ListItem\",\"position\":1,\"name\":\"Anasayfa\",\"item\":\"https:\/\/pomsad.org.tr\/en\/\"},{\"@type\":\"ListItem\",\"position\":2,\"name\":\"\u0130thalat \u0130hracat Verileri\"}]},{\"@type\":\"WebSite\",\"@id\":\"https:\/\/pomsad.org.tr\/en\/#website\",\"url\":\"https:\/\/pomsad.org.tr\/en\/\",\"name\":\"Pomsad\",\"description\":\"Pomsad Turkish Pump and Valve Manufacturers Association\",\"potentialAction\":[{\"@type\":\"SearchAction\",\"target\":{\"@type\":\"EntryPoint\",\"urlTemplate\":\"https:\/\/pomsad.org.tr\/en\/?s={search_term_string}\"},\"query-input\":\"required name=search_term_string\"}],\"inLanguage\":\"en-US\"}]}<\/script>\n<!-- \/ Yoast SEO plugin. -->","yoast_head_json":{"title":"\u0130thalat \u0130hracat Verileri - Pomsad","robots":{"index":"index","follow":"follow","max-snippet":"max-snippet:-1","max-image-preview":"max-image-preview:large","max-video-preview":"max-video-preview:-1"},"canonical":"https:\/\/pomsad.org.tr\/en\/\/ithalat-ihracat-verileri\/","og_locale":"en_US","og_type":"article","og_title":"\u0130thalat \u0130hracat Verileri - Pomsad","og_description":"T\u00fcrkiye makina ihracat sekt\u00f6r\u00fcn\u00fcn genel parametrelerini ele almakta olan tablo ve \u00e7izelgelerden \u00f6zetle vurgulayabileceklerimiz : 2022 ve 2023 y\u0131llar\u0131 Ocak-Aral\u0131k oniki ayl\u0131k d\u00f6nem itibariyle; 84 tarifeli toplam makina ihracat\u0131: 3.685.000 ton&#8217;dan 3.394.000 ton&#8217;a, %7,9 azalm\u0131\u015f, 22.999,0 milyar USD&#8217;dan 24.507,0 milyar USD&#8217;a %6,6 artm\u0131\u015f, ortalama birim fiyat 6,2 USD\/kg\u2019dan 7,2 USD\/kg\u2019a \u00e7\u0131km\u0131\u015ft\u0131r. \u00a0\u00a0 Pompa ve Kompres\u00f6r [&hellip;]","og_url":"https:\/\/pomsad.org.tr\/en\/\/ithalat-ihracat-verileri\/","og_site_name":"Pomsad","article_modified_time":"2024-02-09T09:03:26+00:00","twitter_card":"summary_large_image","twitter_misc":{"Est. reading time":"4 minutes"},"schema":{"@context":"https:\/\/schema.org","@graph":[{"@type":"WebPage","@id":"https:\/\/pomsad.org.tr\/en\/\/ithalat-ihracat-verileri\/","url":"https:\/\/pomsad.org.tr\/en\/\/ithalat-ihracat-verileri\/","name":"\u0130thalat \u0130hracat Verileri - Pomsad","isPartOf":{"@id":"https:\/\/pomsad.org.tr\/en\/#website"},"datePublished":"2023-07-04T11:53:09+00:00","dateModified":"2024-02-09T09:03:26+00:00","breadcrumb":{"@id":"https:\/\/pomsad.org.tr\/en\/\/ithalat-ihracat-verileri\/#breadcrumb"},"inLanguage":"en-US","potentialAction":[{"@type":"ReadAction","target":["https:\/\/pomsad.org.tr\/en\/\/ithalat-ihracat-verileri\/"]}]},{"@type":"BreadcrumbList","@id":"https:\/\/pomsad.org.tr\/en\/\/ithalat-ihracat-verileri\/#breadcrumb","itemListElement":[{"@type":"ListItem","position":1,"name":"Anasayfa","item":"https:\/\/pomsad.org.tr\/en\/"},{"@type":"ListItem","position":2,"name":"\u0130thalat \u0130hracat Verileri"}]},{"@type":"WebSite","@id":"https:\/\/pomsad.org.tr\/en\/#website","url":"https:\/\/pomsad.org.tr\/en\/","name":"Pomsad","description":"Pomsad Turkish Pump and Valve Manufacturers Association","potentialAction":[{"@type":"SearchAction","target":{"@type":"EntryPoint","urlTemplate":"https:\/\/pomsad.org.tr\/en\/?s={search_term_string}"},"query-input":"required name=search_term_string"}],"inLanguage":"en-US"}]}},"_links":{"self":[{"href":"https:\/\/pomsad.org.tr\/en\/wp-json\/wp\/v2\/pages\/127","targetHints":{"allow":["GET"]}}],"collection":[{"href":"https:\/\/pomsad.org.tr\/en\/wp-json\/wp\/v2\/pages"}],"about":[{"href":"https:\/\/pomsad.org.tr\/en\/wp-json\/wp\/v2\/types\/page"}],"author":[{"embeddable":true,"href":"https:\/\/pomsad.org.tr\/en\/wp-json\/wp\/v2\/users\/1"}],"replies":[{"embeddable":true,"href":"https:\/\/pomsad.org.tr\/en\/wp-json\/wp\/v2\/comments?post=127"}],"version-history":[{"count":3,"href":"https:\/\/pomsad.org.tr\/en\/wp-json\/wp\/v2\/pages\/127\/revisions"}],"predecessor-version":[{"id":3079,"href":"https:\/\/pomsad.org.tr\/en\/wp-json\/wp\/v2\/pages\/127\/revisions\/3079"}],"wp:attachment":[{"href":"https:\/\/pomsad.org.tr\/en\/wp-json\/wp\/v2\/media?parent=127"}],"curies":[{"name":"wp","href":"https:\/\/api.w.org\/{rel}","templated":true}]}}