{"id":232,"date":"2023-07-05T14:25:36","date_gmt":"2023-07-05T11:25:36","guid":{"rendered":"https:\/\/pomsad.org.tr\/en\/\/?page_id=232"},"modified":"2024-03-06T16:15:22","modified_gmt":"2024-03-06T13:15:22","slug":"board-members","status":"publish","type":"page","link":"https:\/\/pomsad.org.tr\/en\/board-members\/","title":{"rendered":"Board Members"},"content":{"rendered":"<div class=\"wpb-content-wrapper\"><p>[vc_row][vc_column width=&#8221;1\/4&#8243; sticky_sidebar=&#8221;yes&#8221;][vc_widget_sidebar sidebar_id=&#8221;kurumsal&#8221;][\/vc_column][vc_column width=&#8221;3\/4&#8243;][vc_custom_heading source=&#8221;post_title&#8221; font_container=&#8221;tag:h1|text_align:left&#8221; use_theme_fonts=&#8221;yes&#8221; el_class=&#8221;baslik&#8221;][vc_row_inner][vc_column_inner width=&#8221;1\/5&#8243;][\/vc_column_inner][vc_column_inner width=&#8221;1\/5&#8243;][\/vc_column_inner][vc_column_inner width=&#8221;1\/5&#8243;][vc_single_image image=&#8221;2423&#8243; img_size=&#8221;full&#8221; alignment=&#8221;center&#8221; el_class=&#8221;person&#8221; css=&#8221;.vc_custom_1691183407503{margin-bottom: 8px !important;}&#8221;][vc_column_text el_class=&#8221;persontitle&#8221;]<\/p>\n<p style=\"text-align: center;\"><strong>Nurdan Y\u00dcCEL<\/strong><br \/>\nPresident of the Association<\/p>\n<p>[\/vc_column_text][\/vc_column_inner][vc_column_inner width=&#8221;1\/5&#8243;][\/vc_column_inner][vc_column_inner width=&#8221;1\/5&#8243;][\/vc_column_inner][\/vc_row_inner][vc_row_inner][vc_column_inner width=&#8221;1\/4&#8243; offset=&#8221;vc_col-xs-6&#8243;][vc_single_image image=&#8221;2422&#8243; img_size=&#8221;full&#8221; alignment=&#8221;center&#8221; el_class=&#8221;person&#8221; css=&#8221;.vc_custom_1691183879694{margin-bottom: 8px !important;}&#8221;][vc_column_text el_class=&#8221;persontitle&#8221;]<\/p>\n<p style=\"text-align: center;\"><strong>Ercan \u00c7ELEB\u0130<\/strong><br \/>\nVice President<\/p>\n<p>[\/vc_column_text][\/vc_column_inner][vc_column_inner width=&#8221;1\/4&#8243; offset=&#8221;vc_col-xs-6&#8243;][vc_single_image image=&#8221;2424&#8243; img_size=&#8221;full&#8221; alignment=&#8221;center&#8221; el_class=&#8221;person&#8221; css=&#8221;.vc_custom_1691183887199{margin-bottom: 8px !important;}&#8221;][vc_column_text el_class=&#8221;persontitle&#8221;]<\/p>\n<p style=\"text-align: center;\"><strong>Sinan \u00d6ZG\u00dcR<\/strong><br \/>\nVice President<\/p>\n<p>[\/vc_column_text][\/vc_column_inner][vc_column_inner width=&#8221;1\/4&#8243; offset=&#8221;vc_col-xs-6&#8243;][vc_single_image image=&#8221;2456&#8243; img_size=&#8221;full&#8221; alignment=&#8221;center&#8221; el_class=&#8221;person&#8221; css=&#8221;.vc_custom_1691185629508{margin-bottom: 8px !important;}&#8221;][vc_column_text el_class=&#8221;persontitle&#8221;]<\/p>\n<p style=\"text-align: center;\"><strong>Vahdettin YIRTMA\u00c7<\/strong><br \/>\nAccountant<\/p>\n<p>[\/vc_column_text][\/vc_column_inner][vc_column_inner width=&#8221;1\/4&#8243; offset=&#8221;vc_col-xs-6&#8243;][vc_single_image image=&#8221;2454&#8243; img_size=&#8221;full&#8221; alignment=&#8221;center&#8221; el_class=&#8221;person&#8221; css=&#8221;.vc_custom_1691185640610{margin-bottom: 8px !important;}&#8221;][vc_column_text el_class=&#8221;persontitle&#8221;]<\/p>\n<p style=\"text-align: center;\"><strong> \u0130smail G\u00f6khan \u00c7ITAK<\/strong><br \/>\nMember<\/p>\n<p>[\/vc_column_text][\/vc_column_inner][\/vc_row_inner][vc_row_inner][vc_column_inner width=&#8221;1\/4&#8243; offset=&#8221;vc_col-xs-6&#8243;][vc_single_image image=&#8221;2455&#8243; img_size=&#8221;full&#8221; alignment=&#8221;center&#8221; el_class=&#8221;person&#8221; css=&#8221;.vc_custom_1691185650685{margin-bottom: 8px !important;}&#8221;][vc_column_text el_class=&#8221;persontitle&#8221;]<\/p>\n<p style=\"text-align: center;\"><strong>Murat \u00c7OPUR<\/strong><br \/>\nMember<\/p>\n<p>[\/vc_column_text][\/vc_column_inner][vc_column_inner width=&#8221;1\/4&#8243; offset=&#8221;vc_col-xs-6&#8243;][vc_single_image image=&#8221;2453&#8243; img_size=&#8221;full&#8221; alignment=&#8221;center&#8221; el_class=&#8221;person&#8221; css=&#8221;.vc_custom_1691185660544{margin-bottom: 8px !important;}&#8221;][vc_column_text el_class=&#8221;persontitle&#8221;]<\/p>\n<p style=\"text-align: center;\"><strong>\u0130brahim Akdemir<\/strong><br \/>\nMember<\/p>\n<p>[\/vc_column_text][\/vc_column_inner][vc_column_inner width=&#8221;1\/4&#8243; offset=&#8221;vc_col-xs-6&#8243;][vc_single_image image=&#8221;2452&#8243; img_size=&#8221;full&#8221; alignment=&#8221;center&#8221; el_class=&#8221;person&#8221; css=&#8221;.vc_custom_1691185674006{margin-bottom: 8px !important;}&#8221;][vc_column_text el_class=&#8221;persontitle&#8221;]<\/p>\n<p style=\"text-align: center;\"><strong>B\u00fclent HACIRA\u0130FO\u011eLU<\/strong><br \/>\nMember<\/p>\n<p>[\/vc_column_text][\/vc_column_inner][vc_column_inner width=&#8221;1\/4&#8243; offset=&#8221;vc_col-xs-6&#8243;][vc_single_image image=&#8221;2457&#8243; img_size=&#8221;full&#8221; alignment=&#8221;center&#8221; el_class=&#8221;person&#8221; css=&#8221;.vc_custom_1691185684403{margin-bottom: 8px !important;}&#8221;][vc_column_text el_class=&#8221;persontitle&#8221;]<\/p>\n<p style=\"text-align: center;\"><strong>Ziya \u015eEFTAL\u0130O\u011eLU<\/strong><br \/>\nMember<\/p>\n<p>[\/vc_column_text][\/vc_column_inner][\/vc_row_inner][vc_row_inner][vc_column_inner width=&#8221;1\/5&#8243;][\/vc_column_inner][vc_column_inner width=&#8221;1\/5&#8243;][\/vc_column_inner][vc_column_inner width=&#8221;1\/5&#8243;][vc_single_image image=&#8221;2451&#8243; img_size=&#8221;full&#8221; alignment=&#8221;center&#8221; el_class=&#8221;person&#8221; css=&#8221;.vc_custom_1691185602690{margin-bottom: 8px !important;}&#8221;][vc_column_text el_class=&#8221;persontitle&#8221;]<\/p>\n<p style=\"text-align: center;\"><strong>Kutlu KARAVEL\u0130O\u011eLU<\/strong><br \/>\nPast President<\/p>\n<p>[\/vc_column_text][\/vc_column_inner][vc_column_inner width=&#8221;1\/5&#8243;][\/vc_column_inner][vc_column_inner width=&#8221;1\/5&#8243;][\/vc_column_inner][\/vc_row_inner][\/vc_column][\/vc_row]<\/p>\n<\/div>","protected":false},"excerpt":{"rendered":"<p>[vc_row][vc_column width=&#8221;1\/4&#8243; sticky_sidebar=&#8221;yes&#8221;][vc_widget_sidebar sidebar_id=&#8221;kurumsal&#8221;][\/vc_column][vc_column width=&#8221;3\/4&#8243;][vc_custom_heading source=&#8221;post_title&#8221; font_container=&#8221;tag:h1|text_align:left&#8221; use_theme_fonts=&#8221;yes&#8221; el_class=&#8221;baslik&#8221;][vc_row_inner][vc_column_inner width=&#8221;1\/5&#8243;][\/vc_column_inner][vc_column_inner width=&#8221;1\/5&#8243;][\/vc_column_inner][vc_column_inner width=&#8221;1\/5&#8243;][vc_single_image image=&#8221;2423&#8243; img_size=&#8221;full&#8221; alignment=&#8221;center&#8221; el_class=&#8221;person&#8221; css=&#8221;.vc_custom_1691183407503{margin-bottom: 8px !important;}&#8221;][vc_column_text el_class=&#8221;persontitle&#8221;] Nurdan Y\u00dcCEL President of the Association [\/vc_column_text][\/vc_column_inner][vc_column_inner width=&#8221;1\/5&#8243;][\/vc_column_inner][vc_column_inner width=&#8221;1\/5&#8243;][\/vc_column_inner][\/vc_row_inner][vc_row_inner][vc_column_inner width=&#8221;1\/4&#8243; offset=&#8221;vc_col-xs-6&#8243;][vc_single_image image=&#8221;2422&#8243; img_size=&#8221;full&#8221; alignment=&#8221;center&#8221; el_class=&#8221;person&#8221; css=&#8221;.vc_custom_1691183879694{margin-bottom: 8px !important;}&#8221;][vc_column_text el_class=&#8221;persontitle&#8221;] Ercan \u00c7ELEB\u0130 Vice President [\/vc_column_text][\/vc_column_inner][vc_column_inner width=&#8221;1\/4&#8243; offset=&#8221;vc_col-xs-6&#8243;][vc_single_image image=&#8221;2424&#8243; img_size=&#8221;full&#8221; alignment=&#8221;center&#8221; el_class=&#8221;person&#8221; css=&#8221;.vc_custom_1691183887199{margin-bottom: 8px !important;}&#8221;][vc_column_text el_class=&#8221;persontitle&#8221;] Sinan [&hellip;]<\/p>\n","protected":false},"author":1,"featured_media":0,"parent":0,"menu_order":0,"comment_status":"closed","ping_status":"closed","template":"page-title-row.php","meta":{"_acf_changed":false,"footnotes":"","_links_to":"","_links_to_target":""},"class_list":["post-232","page","type-page","status-publish","hentry"],"acf":[],"yoast_head":"<!-- This site is optimized with the Yoast SEO plugin v22.2 - https:\/\/yoast.com\/wordpress\/plugins\/seo\/ -->\n<title>Board Members - Pomsad<\/title>\n<meta name=\"robots\" content=\"index, follow, max-snippet:-1, max-image-preview:large, max-video-preview:-1\" \/>\n<link rel=\"canonical\" href=\"https:\/\/pomsad.org.tr\/en\/board-members\/\" \/>\n<meta property=\"og:locale\" content=\"en_US\" \/>\n<meta property=\"og:type\" content=\"article\" \/>\n<meta property=\"og:title\" content=\"Board Members - Pomsad\" \/>\n<meta property=\"og:description\" content=\"[vc_row][vc_column width=&#8221;1\/4&#8243; sticky_sidebar=&#8221;yes&#8221;][vc_widget_sidebar sidebar_id=&#8221;kurumsal&#8221;][\/vc_column][vc_column width=&#8221;3\/4&#8243;][vc_custom_heading source=&#8221;post_title&#8221; font_container=&#8221;tag:h1|text_align:left&#8221; use_theme_fonts=&#8221;yes&#8221; el_class=&#8221;baslik&#8221;][vc_row_inner][vc_column_inner width=&#8221;1\/5&#8243;][\/vc_column_inner][vc_column_inner width=&#8221;1\/5&#8243;][\/vc_column_inner][vc_column_inner width=&#8221;1\/5&#8243;][vc_single_image image=&#8221;2423&#8243; img_size=&#8221;full&#8221; alignment=&#8221;center&#8221; el_class=&#8221;person&#8221; css=&#8221;.vc_custom_1691183407503{margin-bottom: 8px !important;}&#8221;][vc_column_text el_class=&#8221;persontitle&#8221;] Nurdan Y\u00dcCEL President of the Association [\/vc_column_text][\/vc_column_inner][vc_column_inner width=&#8221;1\/5&#8243;][\/vc_column_inner][vc_column_inner width=&#8221;1\/5&#8243;][\/vc_column_inner][\/vc_row_inner][vc_row_inner][vc_column_inner width=&#8221;1\/4&#8243; offset=&#8221;vc_col-xs-6&#8243;][vc_single_image image=&#8221;2422&#8243; img_size=&#8221;full&#8221; alignment=&#8221;center&#8221; el_class=&#8221;person&#8221; css=&#8221;.vc_custom_1691183879694{margin-bottom: 8px !important;}&#8221;][vc_column_text el_class=&#8221;persontitle&#8221;] Ercan \u00c7ELEB\u0130 Vice President [\/vc_column_text][\/vc_column_inner][vc_column_inner width=&#8221;1\/4&#8243; offset=&#8221;vc_col-xs-6&#8243;][vc_single_image image=&#8221;2424&#8243; img_size=&#8221;full&#8221; alignment=&#8221;center&#8221; el_class=&#8221;person&#8221; css=&#8221;.vc_custom_1691183887199{margin-bottom: 8px !important;}&#8221;][vc_column_text el_class=&#8221;persontitle&#8221;] Sinan [&hellip;]\" \/>\n<meta property=\"og:url\" content=\"https:\/\/pomsad.org.tr\/en\/board-members\/\" \/>\n<meta property=\"og:site_name\" content=\"Pomsad\" \/>\n<meta property=\"article:modified_time\" content=\"2024-03-06T13:15:22+00:00\" \/>\n<meta name=\"twitter:card\" content=\"summary_large_image\" \/>\n<meta name=\"twitter:label1\" content=\"Est. reading time\" \/>\n\t<meta name=\"twitter:data1\" content=\"3 minutes\" \/>\n<script type=\"application\/ld+json\" class=\"yoast-schema-graph\">{\"@context\":\"https:\/\/schema.org\",\"@graph\":[{\"@type\":\"WebPage\",\"@id\":\"https:\/\/pomsad.org.tr\/en\/board-members\/\",\"url\":\"https:\/\/pomsad.org.tr\/en\/board-members\/\",\"name\":\"Board Members - Pomsad\",\"isPartOf\":{\"@id\":\"https:\/\/pomsad.org.tr\/en\/#website\"},\"datePublished\":\"2023-07-05T11:25:36+00:00\",\"dateModified\":\"2024-03-06T13:15:22+00:00\",\"breadcrumb\":{\"@id\":\"https:\/\/pomsad.org.tr\/en\/board-members\/#breadcrumb\"},\"inLanguage\":\"en-US\",\"potentialAction\":[{\"@type\":\"ReadAction\",\"target\":[\"https:\/\/pomsad.org.tr\/en\/board-members\/\"]}]},{\"@type\":\"BreadcrumbList\",\"@id\":\"https:\/\/pomsad.org.tr\/en\/board-members\/#breadcrumb\",\"itemListElement\":[{\"@type\":\"ListItem\",\"position\":1,\"name\":\"Anasayfa\",\"item\":\"https:\/\/pomsad.org.tr\/en\/\"},{\"@type\":\"ListItem\",\"position\":2,\"name\":\"Board Members\"}]},{\"@type\":\"WebSite\",\"@id\":\"https:\/\/pomsad.org.tr\/en\/#website\",\"url\":\"https:\/\/pomsad.org.tr\/en\/\",\"name\":\"Pomsad\",\"description\":\"Pomsad Turkish Pump and Valve Manufacturers Association\",\"potentialAction\":[{\"@type\":\"SearchAction\",\"target\":{\"@type\":\"EntryPoint\",\"urlTemplate\":\"https:\/\/pomsad.org.tr\/en\/?s={search_term_string}\"},\"query-input\":\"required name=search_term_string\"}],\"inLanguage\":\"en-US\"}]}<\/script>\n<!-- \/ Yoast SEO plugin. -->","yoast_head_json":{"title":"Board Members - Pomsad","robots":{"index":"index","follow":"follow","max-snippet":"max-snippet:-1","max-image-preview":"max-image-preview:large","max-video-preview":"max-video-preview:-1"},"canonical":"https:\/\/pomsad.org.tr\/en\/board-members\/","og_locale":"en_US","og_type":"article","og_title":"Board Members - Pomsad","og_description":"[vc_row][vc_column width=&#8221;1\/4&#8243; sticky_sidebar=&#8221;yes&#8221;][vc_widget_sidebar sidebar_id=&#8221;kurumsal&#8221;][\/vc_column][vc_column width=&#8221;3\/4&#8243;][vc_custom_heading source=&#8221;post_title&#8221; font_container=&#8221;tag:h1|text_align:left&#8221; use_theme_fonts=&#8221;yes&#8221; el_class=&#8221;baslik&#8221;][vc_row_inner][vc_column_inner width=&#8221;1\/5&#8243;][\/vc_column_inner][vc_column_inner width=&#8221;1\/5&#8243;][\/vc_column_inner][vc_column_inner width=&#8221;1\/5&#8243;][vc_single_image image=&#8221;2423&#8243; img_size=&#8221;full&#8221; alignment=&#8221;center&#8221; el_class=&#8221;person&#8221; css=&#8221;.vc_custom_1691183407503{margin-bottom: 8px !important;}&#8221;][vc_column_text el_class=&#8221;persontitle&#8221;] Nurdan Y\u00dcCEL President of the Association [\/vc_column_text][\/vc_column_inner][vc_column_inner width=&#8221;1\/5&#8243;][\/vc_column_inner][vc_column_inner width=&#8221;1\/5&#8243;][\/vc_column_inner][\/vc_row_inner][vc_row_inner][vc_column_inner width=&#8221;1\/4&#8243; offset=&#8221;vc_col-xs-6&#8243;][vc_single_image image=&#8221;2422&#8243; img_size=&#8221;full&#8221; alignment=&#8221;center&#8221; el_class=&#8221;person&#8221; css=&#8221;.vc_custom_1691183879694{margin-bottom: 8px !important;}&#8221;][vc_column_text el_class=&#8221;persontitle&#8221;] Ercan \u00c7ELEB\u0130 Vice President [\/vc_column_text][\/vc_column_inner][vc_column_inner width=&#8221;1\/4&#8243; offset=&#8221;vc_col-xs-6&#8243;][vc_single_image image=&#8221;2424&#8243; img_size=&#8221;full&#8221; alignment=&#8221;center&#8221; el_class=&#8221;person&#8221; css=&#8221;.vc_custom_1691183887199{margin-bottom: 8px !important;}&#8221;][vc_column_text el_class=&#8221;persontitle&#8221;] Sinan [&hellip;]","og_url":"https:\/\/pomsad.org.tr\/en\/board-members\/","og_site_name":"Pomsad","article_modified_time":"2024-03-06T13:15:22+00:00","twitter_card":"summary_large_image","twitter_misc":{"Est. reading time":"3 minutes"},"schema":{"@context":"https:\/\/schema.org","@graph":[{"@type":"WebPage","@id":"https:\/\/pomsad.org.tr\/en\/board-members\/","url":"https:\/\/pomsad.org.tr\/en\/board-members\/","name":"Board Members - Pomsad","isPartOf":{"@id":"https:\/\/pomsad.org.tr\/en\/#website"},"datePublished":"2023-07-05T11:25:36+00:00","dateModified":"2024-03-06T13:15:22+00:00","breadcrumb":{"@id":"https:\/\/pomsad.org.tr\/en\/board-members\/#breadcrumb"},"inLanguage":"en-US","potentialAction":[{"@type":"ReadAction","target":["https:\/\/pomsad.org.tr\/en\/board-members\/"]}]},{"@type":"BreadcrumbList","@id":"https:\/\/pomsad.org.tr\/en\/board-members\/#breadcrumb","itemListElement":[{"@type":"ListItem","position":1,"name":"Anasayfa","item":"https:\/\/pomsad.org.tr\/en\/"},{"@type":"ListItem","position":2,"name":"Board Members"}]},{"@type":"WebSite","@id":"https:\/\/pomsad.org.tr\/en\/#website","url":"https:\/\/pomsad.org.tr\/en\/","name":"Pomsad","description":"Pomsad Turkish Pump and Valve Manufacturers Association","potentialAction":[{"@type":"SearchAction","target":{"@type":"EntryPoint","urlTemplate":"https:\/\/pomsad.org.tr\/en\/?s={search_term_string}"},"query-input":"required name=search_term_string"}],"inLanguage":"en-US"}]}},"_links":{"self":[{"href":"https:\/\/pomsad.org.tr\/en\/wp-json\/wp\/v2\/pages\/232","targetHints":{"allow":["GET"]}}],"collection":[{"href":"https:\/\/pomsad.org.tr\/en\/wp-json\/wp\/v2\/pages"}],"about":[{"href":"https:\/\/pomsad.org.tr\/en\/wp-json\/wp\/v2\/types\/page"}],"author":[{"embeddable":true,"href":"https:\/\/pomsad.org.tr\/en\/wp-json\/wp\/v2\/users\/1"}],"replies":[{"embeddable":true,"href":"https:\/\/pomsad.org.tr\/en\/wp-json\/wp\/v2\/comments?post=232"}],"version-history":[{"count":25,"href":"https:\/\/pomsad.org.tr\/en\/wp-json\/wp\/v2\/pages\/232\/revisions"}],"predecessor-version":[{"id":3148,"href":"https:\/\/pomsad.org.tr\/en\/wp-json\/wp\/v2\/pages\/232\/revisions\/3148"}],"wp:attachment":[{"href":"https:\/\/pomsad.org.tr\/en\/wp-json\/wp\/v2\/media?parent=232"}],"curies":[{"name":"wp","href":"https:\/\/api.w.org\/{rel}","templated":true}]}}